{"id":6771,"date":"2019-07-25T18:13:37","date_gmt":"2019-07-25T22:13:37","guid":{"rendered":"https:\/\/veinlegclinicmd.com\/?page_id=6771"},"modified":"2022-09-13T10:49:34","modified_gmt":"2022-09-13T14:49:34","slug":"varicose-veins","status":"publish","type":"page","link":"https:\/\/veinlegclinicmd.com\/es\/varicose-veins\/","title":{"rendered":"Venas varicosas"},"content":{"rendered":"<section class=\"wpb-content-wrapper\"><section class=\"l-section wpb_row height_medium\"><div class=\"l-section-h i-cf\"><div class=\"g-cols vc_row via_grid cols_1 laptops-cols_inherit tablets-cols_inherit mobiles-cols_1 valign_top type_default stacking_default\"><div class=\"wpb_column vc_column_container\"><div class=\"vc_column-inner\"><div class=\"wpb_text_column\"><div class=\"wpb_wrapper\"><h1>Tratamiento y eliminaci\u00f3n de venas varicosas en Silver Spring, MD<\/h1>\n<\/div><\/div><div class=\"w-separator size_small\"><\/div><div class=\"w-image style_outlined align_center\"><div class=\"w-image-h\"><img width=\"300\" height=\"200\" src=\"https:\/\/veinlegclinicmd.com\/wp-content\/uploads\/2019\/09\/varicose-veins-300x200.jpg\" class=\"attachment-medium size-medium\" alt=\"Vena varicosa\" loading=\"lazy\" srcset=\"https:\/\/veinlegclinicmd.com\/wp-content\/uploads\/2019\/09\/varicose-veins-300x200.jpg 300w, https:\/\/veinlegclinicmd.com\/wp-content\/uploads\/2019\/09\/varicose-veins-768x512.jpg 768w, https:\/\/veinlegclinicmd.com\/wp-content\/uploads\/2019\/09\/varicose-veins-560x374.jpg 560w, https:\/\/veinlegclinicmd.com\/wp-content\/uploads\/2019\/09\/varicose-veins-400x267.jpg 400w, https:\/\/veinlegclinicmd.com\/wp-content\/uploads\/2019\/09\/varicose-veins-900x600.jpg 900w, https:\/\/veinlegclinicmd.com\/wp-content\/uploads\/2019\/09\/varicose-veins-450x300.jpg 450w, https:\/\/veinlegclinicmd.com\/wp-content\/uploads\/2019\/09\/varicose-veins.jpg 1000w, https:\/\/veinlegclinicmd.com\/wp-content\/uploads\/2019\/09\/varicose-veins-18x12.jpg 18w\" sizes=\"(max-width: 300px) 100vw, 300px\" \/><\/div><\/div><div class=\"w-separator us_custom_150ec755 size_small\"><\/div><div class=\"wpb_text_column us_custom_ac1ad88d\"><div class=\"wpb_wrapper\"><p>Las venas varicosas son vasos sangu\u00edneos torcidos y agrandados causados \u200b\u200bpor el debilitamiento de las paredes de las venas. Cualquier vena superficial puede volverse varicosa, pero las venas de las piernas se ven afectadas con mayor frecuencia debido a la presi\u00f3n continua en la parte inferior del cuerpo debido a estar de pie y caminar.<\/p>\n<p>Las venas varicosas son reconocibles como grupos de colores azules o p\u00farpuras en las piernas y podr\u00edan estar rodeadas de delgados capilares rojos conocidos como <u>venas de ara\u00f1a<\/u>. Las venas varicosas pueden no estar siempre debajo de la piel y no siempre son visibles. Pueden ocurrir m\u00e1s profundamente debajo de la superficie de la piel de la pierna y no son f\u00e1cilmente reconocibles. La enfermedad de las venas varicosas puede no reconocerse y empeorar con el tiempo, por lo que es importante un diagn\u00f3stico adecuado por parte de un especialista vascular.<\/p>\n<h2>\u00bfQu\u00e9 causa las venas varicosas?<\/h2>\n<p>Las venas varicosas son causadas cuando las paredes de los vasos sangu\u00edneos se debilitan debido al envejecimiento y otros factores debido al mal funcionamiento de las v\u00e1lvulas. Las venas se hinchan y la sangre se acumula y se acumula dentro de la vena. Normalmente, la sangre fluye a trav\u00e9s de la vena en una direcci\u00f3n hacia el coraz\u00f3n. Las venas varicosas se convierten en un nuevo camino para que la sangre fluya.<\/p>\n<figure><img loading=\"lazy\" src=\"https:\/\/veinlegclinicmd.com\/wp-content\/uploads\/2019\/09\/varicose-ulcer-768x256.jpg\" sizes=\"(max-width: 768px) 100vw, 768px\" srcset=\"https:\/\/veinlegclinicmd.com\/wp-content\/uploads\/2019\/09\/varicose-ulcer-768x256.jpg 768w, https:\/\/veinlegclinicmd.com\/wp-content\/uploads\/2019\/09\/varicose-ulcer-300x100.jpg 300w, https:\/\/veinlegclinicmd.com\/wp-content\/uploads\/2019\/09\/varicose-ulcer-560x186.jpg 560w, https:\/\/veinlegclinicmd.com\/wp-content\/uploads\/2019\/09\/varicose-ulcer-400x133.jpg 400w, https:\/\/veinlegclinicmd.com\/wp-content\/uploads\/2019\/09\/varicose-ulcer-900x300.jpg 900w, https:\/\/veinlegclinicmd.com\/wp-content\/uploads\/2019\/09\/varicose-ulcer-901x300.jpg 901w, https:\/\/veinlegclinicmd.com\/wp-content\/uploads\/2019\/09\/varicose-ulcer.jpg 1000w\" alt=\"\" width=\"768\" height=\"256\" \/><figcaption>\u00dalceras varicosas<\/figcaption><\/figure>\n<h2>\u00bfCu\u00e1les son los s\u00edntomas de las venas varicosas?<\/h2>\n<p>Los s\u00edntomas t\u00edpicos de las venas varicosas incluyen hinchaz\u00f3n, dolor, fatiga, picaz\u00f3n, ardor, inquietud y palpitaciones en las piernas y cambios visibles de color.<\/p>\n<h2>Tratamiento no quir\u00fargico para venas varicosas<\/h2>\n<p>En Vein &amp; Leg Clinic, tratamos la causa ra\u00edz de las venas varicosas y cerramos las venas anormales mediante <strong>m\u00e9todos no quir\u00fargicos<\/strong>, que no requieren hospitalizaci\u00f3n. Las opciones de tratamiento no invasivo incluyen:<\/p>\n<p><strong>Tratamiento de ablaci\u00f3n por radiofrecuencia (RFA): <\/strong>La ablaci\u00f3n por radiofrecuencia (RFA) es un procedimiento que utilizamos para tratar las venas varicosas. Utiliza calor creado a partir de radiofrecuencia (RF). Durante el tratamiento con RFA, el calor creado por la radiofrecuencia se env\u00eda a la vena a trav\u00e9s de un cat\u00e9ter). Esto cierra el flujo sangu\u00edneo en la vena afectada.<\/p>\n<p><strong>Tratamiento VenaSeal: <\/strong><a href=\"https:\/\/veinlegclinicmd.com\/varicose-veins\/venaseal\/\">VenaSeal\u2122 closure system<\/a> treats varicose veins by using an adhesive to close the vein. It is the only non-thermal, non-tumescent, non-sclerosant procedure approved for use in the U.S. that uses an advanced formulated medical adhesive that closes the diseased vein.<\/p>\n<p><strong>Escleroterapia guiada por ultrasonido (UGS):<\/strong> El procedimiento UGS se realiza mediante el uso de una m\u00e1quina de ultrasonido para visualizar minuciosamente las venas varicosas m\u00e1s profundas e inyectando un agente l\u00edquido a trav\u00e9s de una aguja diminuta directamente en las venas, lo que hace que se contraigan y colapsen. Con esta escleroterapia guiada por ultrasonido, las venas varicosas grandes pueden desaparecer r\u00e1pidamente sin necesidad de cirug\u00eda.<\/p>\n<p>Dependiendo de la condici\u00f3n de las venas varicosas, su ubicaci\u00f3n dentro de la pierna, nuestros especialistas vasculares deciden la mejor opci\u00f3n de tratamiento. T\u00edpicamente, los procedimientos pueden tomar hasta una hora y los pacientes se recuperan en unas pocas horas.<\/p>\n<h2 style=\"text-align: center;\">Schedule a Consultation in Silver Spring, MD<\/h2>\n<p style=\"text-align: center;\">Vein &amp; Leg Clinic offers a thorough checkup and comprehensive treatment plan for varicose veins at our office in Silver Spring, MD. <a href=\"https:\/\/veinlegclinicmd.com\/meet-your-doctors\/rajeev-batra-md-rpvi\/\">Phlebologist Rajeev Batra, MD<\/a> is board-certified by the <a href=\"https:\/\/www.abvlm.org\/\">American Board of Venous and Lymphatic Medicine<\/a> and has extensive experience treating varicose veins. Call <a href=\"tel:3015939612\">(301) 593-9612<\/a> para programar una cita inmediata. Estamos aceptando nuevos pacientes.<\/p>\n<\/div><\/div><\/div><\/div><\/div><\/div><\/section><section class=\"l-section wpb_row us_custom_09a6cd77 height_medium color_alternate\"><div class=\"l-section-h i-cf\"><div class=\"g-cols vc_row via_grid cols_1 laptops-cols_inherit tablets-cols_inherit mobiles-cols_1 valign_top type_default stacking_default\"><div class=\"wpb_column vc_column_container\"><div class=\"vc_column-inner\"><div class=\"wpb_text_column us_custom_5ffe506c\"><div class=\"wpb_wrapper\"><h2>Varicose Veins Frequently Asked Questions<\/h2>\n<h2>What Are the Risk Factors of Varicose Veins?<\/h2>\n<p>Here is a list of factors that increase your chances of getting varicose veins:<\/p>\n<ul>\n<li>Old age<\/li>\n<li>Being overweight<\/li>\n<li>Leg injury<\/li>\n<li>Pregnancy<\/li>\n<li>Being female<\/li>\n<li>Smoking<\/li>\n<li>Being inactive<\/li>\n<\/ul>\n<h2>Are Varicose Veins a Sign of Poor Health?<\/h2>\n<p>While varicose veins are not always a sign of poor health, they can be signs of being overweight, having high blood pressure, or having other related heart conditions. This is why it&#8217;s important to discuss with your doctor why you are experiencing varicose veins quickly.<\/p>\n<h2>Is Walking Good for Varicose Veins?<\/h2>\n<p>Yes. Since walking is a very low-impact activity, doctors highly recommend this exercise in order to maintain your blood circulation.<\/p>\n<h2>How Can I Prevent Varicose Veins From Getting Worse?<\/h2>\n<p>Here are some tips to prevent varicose veins from getting worse or even appearing in the first place:<\/p>\n<ul>\n<li>Avoiding prolonged sessions of sitting or standing<\/li>\n<li>Wearing compression socks<\/li>\n<li>Changing your diet (i.e. avoid foods that are high in salt) and exercise routine<\/li>\n<li>For pregnant women, sleeping on their left side may ease their symptoms<\/li>\n<\/ul>\n<h2>What Food Makes Your Veins Stronger?<\/h2>\n<p>Apples and other citrus fruits are both great options because they are high in rutin (which helps build strong veins). And as always, green leafy vegetables such as spinach are great choices too because they are high in omega-3 fatty acids.<\/p>\n<\/div><\/div><\/div><\/div><\/div><\/div><\/section><\/section>","protected":false},"excerpt":{"rendered":"Varicose Veins Removal in Silver Spring, MD Varicose veins are twisted and enlarged blood vessels caused due to the weakening of vein walls. Any superficial vein may become varicosed, but leg veins are most commonly affected because of the continuous pressure on the lower body due to standing and walking. Varicose veins are recognizable as...","protected":false},"author":1,"featured_media":0,"parent":0,"menu_order":0,"comment_status":"closed","ping_status":"closed","template":"","meta":[],"aioseo_notices":[],"_links":{"self":[{"href":"https:\/\/veinlegclinicmd.com\/es\/wp-json\/wp\/v2\/pages\/6771"}],"collection":[{"href":"https:\/\/veinlegclinicmd.com\/es\/wp-json\/wp\/v2\/pages"}],"about":[{"href":"https:\/\/veinlegclinicmd.com\/es\/wp-json\/wp\/v2\/types\/page"}],"author":[{"embeddable":true,"href":"https:\/\/veinlegclinicmd.com\/es\/wp-json\/wp\/v2\/users\/1"}],"replies":[{"embeddable":true,"href":"https:\/\/veinlegclinicmd.com\/es\/wp-json\/wp\/v2\/comments?post=6771"}],"version-history":[{"count":37,"href":"https:\/\/veinlegclinicmd.com\/es\/wp-json\/wp\/v2\/pages\/6771\/revisions"}],"predecessor-version":[{"id":7336,"href":"https:\/\/veinlegclinicmd.com\/es\/wp-json\/wp\/v2\/pages\/6771\/revisions\/7336"}],"wp:attachment":[{"href":"https:\/\/veinlegclinicmd.com\/es\/wp-json\/wp\/v2\/media?parent=6771"}],"curies":[{"name":"wp","href":"https:\/\/api.w.org\/{rel}","templated":true}]}}