{"id":7264,"date":"2022-05-05T14:23:58","date_gmt":"2022-05-05T18:23:58","guid":{"rendered":"https:\/\/veinlegclinicmd.com\/?page_id=7264"},"modified":"2022-09-13T11:39:11","modified_gmt":"2022-09-13T15:39:11","slug":"rajeev-batra-md-rpvi","status":"publish","type":"page","link":"https:\/\/veinlegclinicmd.com\/es\/meet-your-doctors\/rajeev-batra-md-rpvi\/","title":{"rendered":"Rajeev Batra, MD, RPVI"},"content":{"rendered":"<section class=\"wpb-content-wrapper\"><section class=\"l-section wpb_row height_medium\"><div class=\"l-section-h i-cf\"><div class=\"g-cols vc_row via_grid cols_1 laptops-cols_inherit tablets-cols_inherit mobiles-cols_1 valign_top type_default stacking_default\"><div class=\"wpb_column vc_column_container\"><div class=\"vc_column-inner\"><div class=\"wpb_text_column us_custom_8535c5f4\"><div class=\"wpb_wrapper\"><h1>Rajeev Batra, MD, RPVI<\/h1>\n<\/div><\/div><\/div><\/div><\/div><\/div><\/section><section class=\"l-section wpb_row height_auto\"><div class=\"l-section-h i-cf\"><div class=\"g-cols vc_row via_grid cols_1-2 laptops-cols_inherit tablets-cols_inherit mobiles-cols_1 valign_top type_default stacking_default\"><div class=\"wpb_column vc_column_container\"><div class=\"vc_column-inner\"><div class=\"w-image align_none\"><div class=\"w-image-h\"><img width=\"450\" height=\"300\" src=\"https:\/\/veinlegclinicmd.com\/wp-content\/uploads\/2019\/08\/dr-rajeev-batra.png\" class=\"attachment-large size-large\" alt=\"\" loading=\"lazy\" srcset=\"https:\/\/veinlegclinicmd.com\/wp-content\/uploads\/2019\/08\/dr-rajeev-batra.png 450w, https:\/\/veinlegclinicmd.com\/wp-content\/uploads\/2019\/08\/dr-rajeev-batra-300x200.png 300w, https:\/\/veinlegclinicmd.com\/wp-content\/uploads\/2019\/08\/dr-rajeev-batra-400x267.png 400w, https:\/\/veinlegclinicmd.com\/wp-content\/uploads\/2019\/08\/dr-rajeev-batra-18x12.png 18w\" sizes=\"(max-width: 450px) 100vw, 450px\" \/><\/div><\/div><\/div><\/div><div class=\"wpb_column vc_column_container\"><div class=\"vc_column-inner\"><div class=\"wpb_text_column\"><div class=\"wpb_wrapper\"><p>El Dr. Rajeev Batra es especialista en flebolog\u00eda y cardiolog\u00eda, certificado por la Junta Estadounidense de Medicina Venosa y Linf\u00e1tica. Tambi\u00e9n est\u00e1 certificado por la Junta en Medicina Interna y Cardiolog\u00eda Nuclear.<\/p>\n<p>El Dr. Batra tiene una amplia experiencia en ultrasonido y es un m\u00e9dico registrado para la interpretaci\u00f3n vascular desde 2008 (RPVI).<\/p>\n<p>Complet\u00f3 su residencia en Medicina Interna en el Hospital de Pennsylvania, Universidad de Pennsylvania. El Dr. Batra ha estado en pr\u00e1ctica desde 1996.<\/p>\n<\/div><\/div><div class=\"w-separator size_medium\"><\/div><div class=\"wpb_text_column us_custom_f6c8d5ad\"><div class=\"wpb_wrapper\"><h2 style=\"text-align: center;\">Schedule a Consultation in Silver Spring, MD<\/h2>\n<p style=\"text-align: center;\">If you&#8217;re experiencing leg discomfort or are tired of living with varicose veins or spider veins in the D.C. area, Dr. Rajeev Batra may be able to help. Contact Vein &amp; Leg Clinic today to schedule an appointment with Dr. Batra in Silver Spring, MD. Dr. Batra sees patients from all across the D.C. area including Bethesda, Chevy Chase, Falls Church, Arlington, Landover, and Capitol Heights.<\/p>\n<\/div><\/div><\/div><\/div><\/div><\/div><\/section>\n<\/section>","protected":false},"excerpt":{"rendered":"Rajeev Batra, MD, RPVI Dr. Rajeev Batra is a Phlebologist and Cardiology Specialist, certified by the American Board of Venous and Lymphatic Medicine. He&#8217;s also Board certified in Internal Medicine and Nuclear Cardiology. Dr. Batra has extensive ultrasound experience and is a registered physician for vascular interpretation since 2008 (RPVI). He completed his residency in...","protected":false},"author":1,"featured_media":0,"parent":6801,"menu_order":0,"comment_status":"closed","ping_status":"closed","template":"","meta":[],"aioseo_notices":[],"_links":{"self":[{"href":"https:\/\/veinlegclinicmd.com\/es\/wp-json\/wp\/v2\/pages\/7264"}],"collection":[{"href":"https:\/\/veinlegclinicmd.com\/es\/wp-json\/wp\/v2\/pages"}],"about":[{"href":"https:\/\/veinlegclinicmd.com\/es\/wp-json\/wp\/v2\/types\/page"}],"author":[{"embeddable":true,"href":"https:\/\/veinlegclinicmd.com\/es\/wp-json\/wp\/v2\/users\/1"}],"replies":[{"embeddable":true,"href":"https:\/\/veinlegclinicmd.com\/es\/wp-json\/wp\/v2\/comments?post=7264"}],"version-history":[{"count":19,"href":"https:\/\/veinlegclinicmd.com\/es\/wp-json\/wp\/v2\/pages\/7264\/revisions"}],"predecessor-version":[{"id":7344,"href":"https:\/\/veinlegclinicmd.com\/es\/wp-json\/wp\/v2\/pages\/7264\/revisions\/7344"}],"up":[{"embeddable":true,"href":"https:\/\/veinlegclinicmd.com\/es\/wp-json\/wp\/v2\/pages\/6801"}],"wp:attachment":[{"href":"https:\/\/veinlegclinicmd.com\/es\/wp-json\/wp\/v2\/media?parent=7264"}],"curies":[{"name":"wp","href":"https:\/\/api.w.org\/{rel}","templated":true}]}}